{"id":54116,"date":"2017-04-25T16:14:43","date_gmt":"2017-04-25T14:14:43","guid":{"rendered":"http:\/\/www.bd-i.de\/?page_id=54116"},"modified":"2024-08-15T14:51:23","modified_gmt":"2024-08-15T12:51:23","slug":"impressum","status":"publish","type":"page","link":"http:\/\/www.bd-i.de\/en\/impressum\/","title":{"rendered":"Impressum"},"content":{"rendered":"<div class=\"wpb-content-wrapper\"><div data-parent=\"true\" class=\"vc_row row-container boomapps_vcrow\" id=\"row-unique-0\"><div class=\"row limit-width row-parent\"><div class=\"wpb_row row-inner\"><div class=\"wpb_column pos-top pos-center align_left column_parent col-lg-12 boomapps_vccolumn single-internal-gutter\"><div class=\"uncol style-light\"  ><div class=\"uncoltable\"><div class=\"uncell  boomapps_vccolumn\" ><div class=\"uncont no-block-padding col-custom-width\" style=\" max-width:75%;\" ><div class=\"uncode_text_column\" ><\/p>\n<h5><\/h5>\n<p><strong>BENEFICIAL DESIGN INSTITUTE GmbH<\/strong><br \/>\nGesch\u00e4ftsf\u00fchrung: Prof. Friederike von Wedel-Parlow<br \/>\nRetzdorffpromenade 2, D-12161 Berlin<\/p>\n<p>T: +49.30.86 45 79 78<br \/>\nM: +49.172 329 22 33<br \/>\n<a href=\"mailto:f.vonwedel@bd-i.de\">f.vonwedel(at)bd-i.de<\/a><\/p>\n<p>Verantwortlich f\u00fcr den Inhalt (nach \u00a7 55 Abs. 2 RStV):<br \/>\nGesch\u00e4ftsf\u00fchrung: Friederike von Wedel-Parlow, Retzdorffpromenade 2, D-12161 Berlin<br \/>\nAG Charlottenburg, HRB 183891B<br \/>\n<b>VAT<\/b> DE 310662749<\/p>\n<h5>Disclaimer<\/h5>\n<p><strong>Haftung f\u00fcr Inhalte<\/strong><br \/>\nAls Diensteanbieter sind wir gem\u00e4\u00df \u00a7 7 Abs.1 TMG f\u00fcr eigene Inhalte auf diesen Seiten nach den allgemeinen Gesetzen verantwortlich. Nach \u00a7\u00a7 8 bis 10 TMG sind wir als Diensteanbieter jedoch nicht verpflichtet, \u00fcbermittelte oder gespeicherte fremde Informationen zu \u00fcberwachen oder nach Umst\u00e4nden zu forschen, die auf eine rechtswidrige T\u00e4tigkeit hinweisen. Verpflichtungen zur Entfernung oder Sperrung der Nutzung von Informationen nach den allgemeinen Gesetzen bleiben hiervon unber\u00fchrt. Eine diesbez\u00fcgliche Haftung ist jedoch erst ab dem Zeitpunkt der Kenntnis einer konkreten Rechtsverletzung m\u00f6glich. Bei Bekanntwerden von entsprechenden Rechtsverletzungen werden wir diese Inhalte umgehend entfernen.<\/p>\n<p><strong>Haftung f\u00fcr Links<\/strong><br \/>\nUnser Angebot enth\u00e4lt Links zu externen Webseiten Dritter, auf deren Inhalte wir keinen Einfluss haben. Deshalb k\u00f6nnen wir f\u00fcr diese fremden Inhalte auch keine Gew\u00e4hr \u00fcbernehmen. F\u00fcr die Inhalte der verlinkten Seiten ist stets der jeweilige Anbieter oder Betreiber der Seiten verantwortlich. Die verlinkten Seiten wurden zum Zeitpunkt der Verlinkung auf m\u00f6gliche Rechtsverst\u00f6\u00dfe \u00fcberpr\u00fcft. Rechtswidrige Inhalte waren zum Zeitpunkt der Verlinkung nicht erkennbar. Eine permanente inhaltliche Kontrolle der verlinkten Seiten ist jedoch ohne konkrete Anhaltspunkte einer Rechtsverletzung nicht zumutbar. Bei Bekanntwerden von Rechtsverletzungen werden wir derartige Links umgehend entfernen.<\/p>\n<p><strong>Urheberrecht<\/strong><br \/>\nDie durch die Seitenbetreiber erstellten Inhalte und Werke auf diesen Seiten unterliegen dem deutschen Urheberrecht. Die Vervielf\u00e4ltigung, Bearbeitung, Verbreitung und jede Art der Verwertung au\u00dferhalb der Grenzen des Urheberrechtes bed\u00fcrfen der schriftlichen Zustimmung des jeweiligen Autors bzw. Erstellers. Downloads und Kopien dieser Seite sind nur f\u00fcr den privaten, nicht kommerziellen Gebrauch gestattet. Soweit die Inhalte auf dieser Seite nicht vom Betreiber erstellt wurden, werden die Urheberrechte Dritter beachtet. Insbesondere werden Inhalte Dritter als solche gekennzeichnet. Sollten Sie trotzdem auf eine Urheberrechtsverletzung aufmerksam werden, bitten wir um einen entsprechenden Hinweis. Bei Bekanntwerden von Rechtsverletzungen werden wir derartige Inhalte umgehend entfernen.<\/p>\n<\/div><\/div><\/div><\/div><\/div><\/div><script id=\"script-row-unique-0\" data-row=\"script-row-unique-0\" type=\"text\/javascript\" class=\"vc_controls\">UNCODE.initRow(document.getElementById(\"row-unique-0\"));<\/script><\/div><\/div><\/div>\n<\/div>","protected":false},"excerpt":{"rendered":"BENEFICIAL DESIGN INSTITUTE GmbH Gesch\u00e4ftsf\u00fchrung: Prof. Friederike von Wedel-Parlow Retzdorffpromenade 2, D-12161 Berlin T: +49.30.86 45 79 78 M: +49.172 [...]","protected":false},"author":1,"featured_media":0,"parent":0,"menu_order":0,"comment_status":"closed","ping_status":"closed","template":"","meta":{"footnotes":"","_links_to":"","_links_to_target":""},"class_list":["post-54116","page","type-page","status-publish","hentry"],"_links":{"self":[{"href":"http:\/\/www.bd-i.de\/en\/wp-json\/wp\/v2\/pages\/54116","targetHints":{"allow":["GET"]}}],"collection":[{"href":"http:\/\/www.bd-i.de\/en\/wp-json\/wp\/v2\/pages"}],"about":[{"href":"http:\/\/www.bd-i.de\/en\/wp-json\/wp\/v2\/types\/page"}],"author":[{"embeddable":true,"href":"http:\/\/www.bd-i.de\/en\/wp-json\/wp\/v2\/users\/1"}],"replies":[{"embeddable":true,"href":"http:\/\/www.bd-i.de\/en\/wp-json\/wp\/v2\/comments?post=54116"}],"version-history":[{"count":6,"href":"http:\/\/www.bd-i.de\/en\/wp-json\/wp\/v2\/pages\/54116\/revisions"}],"predecessor-version":[{"id":59211,"href":"http:\/\/www.bd-i.de\/en\/wp-json\/wp\/v2\/pages\/54116\/revisions\/59211"}],"wp:attachment":[{"href":"http:\/\/www.bd-i.de\/en\/wp-json\/wp\/v2\/media?parent=54116"}],"curies":[{"name":"wp","href":"https:\/\/api.w.org\/{rel}","templated":true}]}}